{"id":157892,"date":"2025-09-11T17:08:00","date_gmt":"2025-09-11T15:08:00","guid":{"rendered":"https:\/\/h2a.docify.eu\/get-a-quote\/"},"modified":"2025-09-19T09:11:20","modified_gmt":"2025-09-19T07:11:20","slug":"get-a-quote","status":"publish","type":"page","link":"https:\/\/docify.eu\/fr\/get-a-quote\/","title":{"rendered":"Obtenez un devis"},"content":{"rendered":"<div class=\"wpb-content-wrapper\"><p>[vc_row row_height_percent=\u00a0\u00bb0&Prime; override_padding=\u00a0\u00bbyes\u00a0\u00bb h_padding=\u00a0\u00bb2&Prime; top_padding=\u00a0\u00bb4&Prime; bottom_padding=\u00a0\u00bb4&Prime; back_color=\u00a0\u00bbaccent\u00a0\u00bb overlay_color=\u00a0\u00bbcolor-xsdn\u00a0\u00bb overlay_alpha=\u00a0\u00bb95&Prime; equal_height=\u00a0\u00bbyes\u00a0\u00bb gutter_size=\u00a0\u00bb3&Prime; column_width_percent=\u00a0\u00bb0&Prime; shift_y=\u00a0\u00bb0&Prime; z_index=\u00a0\u00bb0&Prime; bottom_divider=\u00a0\u00bbstep\u00a0\u00bb content_parallax=\u00a0\u00bb0&Prime; uncode_shortcode_id=\u00a0\u00bb209802&Prime; back_color_type=\u00a0\u00bbuncode-palette\u00a0\u00bb overlay_color_type=\u00a0\u00bbuncode-palette\u00a0\u00bb][vc_column column_width_percent=\u00a0\u00bb100&Prime; gutter_size=\u00a0\u00bb3&Prime; overlay_alpha=\u00a0\u00bb50&Prime; shift_x=\u00a0\u00bb0&Prime; shift_y=\u00a0\u00bb0&Prime; shift_y_down=\u00a0\u00bb0&Prime; z_index=\u00a0\u00bb0&Prime; medium_width=\u00a0\u00bb0&Prime; mobile_width=\u00a0\u00bb0&Prime; width=\u00a0\u00bb1\/6&Prime; uncode_shortcode_id=\u00a0\u00bb344454&Prime;][\/vc_column][vc_column column_width_percent=\u00a0\u00bb100&Prime; position_vertical=\u00a0\u00bbmiddle\u00a0\u00bb gutter_size=\u00a0\u00bb3&Prime; override_padding=\u00a0\u00bbyes\u00a0\u00bb column_padding=\u00a0\u00bb0&Prime; overlay_alpha=\u00a0\u00bb50&Prime; shift_x=\u00a0\u00bb0&Prime; shift_y=\u00a0\u00bb0&Prime; shift_y_down=\u00a0\u00bb0&Prime; z_index=\u00a0\u00bb0&Prime; medium_width=\u00a0\u00bb0&Prime; mobile_width=\u00a0\u00bb0&Prime; width=\u00a0\u00bb4\/6&Prime; uncode_shortcode_id=\u00a0\u00bb122536&Prime; el_class=\u00a0\u00bbsidebarmenu\u00a0\u00bb][vc_custom_heading text_size=\u00a0\u00bbh1&Prime; text_weight=\u00a0\u00bb700&Prime; text_space=\u00a0\u00bbfontspace-781688&Prime; css_animation=\u00a0\u00bbzoom-in\u00a0\u00bb uncode_shortcode_id=\u00a0\u00bb152164&Prime; el_class=\u00a0\u00bbcolortxt2&Prime;]Obtenez un devis[\/vc_custom_heading][vc_column_text text_lead=\u00a0\u00bbyes\u00a0\u00bb css_animation=\u00a0\u00bbalpha-anim\u00a0\u00bb animation_delay=\u00a0\u00bb400&Prime; uncode_shortcode_id=\u00a0\u00bb237364&Prime;]Il semblerait que vous pensez \u00e0 mettre en place notre solution. Vous \u00eates au bon endroit! Nous avons simplement <strong>besoin de quelques informations sur vous et sur votre soci\u00e9t\u00e9<\/strong> afin de vous pr\u00e9parer un <strong>devis personnalis\u00e9<\/strong>.<br \/>\n[\/vc_column_text]\n<div class=\"wpcf7 no-js\" id=\"wpcf7-f157882-o1\" lang=\"fr-FR\" dir=\"ltr\" data-wpcf7-id=\"157882\">\n<div class=\"screen-reader-response\"><p role=\"status\" aria-live=\"polite\" aria-atomic=\"true\"><\/p> <ul><\/ul><\/div>\n<form action=\"\/fr\/wp-json\/wp\/v2\/pages\/157892#wpcf7-f157882-o1\" method=\"post\" class=\"wpcf7-form init\" aria-label=\"Formulaire de contact\" novalidate=\"novalidate\" data-status=\"init\">\n<fieldset class=\"hidden-fields-container\"><input type=\"hidden\" name=\"_wpcf7\" value=\"157882\" \/><input type=\"hidden\" name=\"_wpcf7_version\" value=\"6.1.2\" \/><input type=\"hidden\" name=\"_wpcf7_locale\" value=\"fr_FR\" \/><input type=\"hidden\" name=\"_wpcf7_unit_tag\" value=\"wpcf7-f157882-o1\" \/><input type=\"hidden\" name=\"_wpcf7_container_post\" value=\"0\" \/><input type=\"hidden\" name=\"_wpcf7_posted_data_hash\" value=\"\" \/>\n<\/fieldset>\n<h4>Votre soci\u00e9t\u00e9\n<\/h4>\n<div class=\"wpcf7-inline-wrapper formdocify\">\n\t<p class=\"wpcf7-inline-field\"><span class=\"wpcf7-form-control-wrap\" data-name=\"your-compagny\"><input size=\"40\" maxlength=\"400\" class=\"wpcf7-form-control wpcf7-text wpcf7-validates-as-required\" aria-required=\"true\" aria-invalid=\"false\" placeholder=\"Entreprise*\" value=\"\" type=\"text\" name=\"your-compagny\" \/><\/span>\n\t<\/p>\n\t<p class=\"wpcf7-inline-field\"><span class=\"wpcf7-form-control-wrap\" data-name=\"your-size\"><input size=\"40\" maxlength=\"400\" class=\"wpcf7-form-control wpcf7-text wpcf7-validates-as-required\" aria-required=\"true\" aria-invalid=\"false\" placeholder=\"Taille*\" value=\"\" type=\"text\" name=\"your-size\" \/><\/span>\n\t<\/p>\n<\/div>\n<h4>Vos informations\n<\/h4>\n<div class=\"wpcf7-inline-wrapper formdocify\">\n\t<p class=\"wpcf7-inline-field\"><span class=\"wpcf7-form-control-wrap\" data-name=\"your-firstname\"><input size=\"40\" maxlength=\"400\" class=\"wpcf7-form-control wpcf7-text wpcf7-validates-as-required\" aria-required=\"true\" aria-invalid=\"false\" placeholder=\"Pr\u00e9nom *\" value=\"\" type=\"text\" name=\"your-firstname\" \/><\/span>\n\t<\/p>\n\t<p class=\"wpcf7-inline-field\"><span class=\"wpcf7-form-control-wrap\" data-name=\"your-lastname\"><input size=\"40\" maxlength=\"400\" class=\"wpcf7-form-control wpcf7-text wpcf7-validates-as-required\" aria-required=\"true\" aria-invalid=\"false\" placeholder=\"Nom *\" value=\"\" type=\"text\" name=\"your-lastname\" \/><\/span>\n\t<\/p>\n<\/div>\n<div class=\"wpcf7-inline-wrapper formdocify\">\n\t<p class=\"wpcf7-inline-field\"><span class=\"wpcf7-form-control-wrap\" data-name=\"your-email\"><input size=\"40\" maxlength=\"400\" class=\"wpcf7-form-control wpcf7-email wpcf7-validates-as-required wpcf7-text wpcf7-validates-as-email\" aria-required=\"true\" aria-invalid=\"false\" placeholder=\"Email *\" value=\"\" type=\"email\" name=\"your-email\" \/><\/span>\n\t<\/p>\n\t<p class=\"wpcf7-inline-field\"><span class=\"wpcf7-form-control-wrap\" data-name=\"your-tel\"><input size=\"40\" maxlength=\"400\" class=\"wpcf7-form-control wpcf7-text wpcf7-validates-as-required\" aria-required=\"true\" aria-invalid=\"false\" placeholder=\"T\u00e9l\u00e9phone *\" value=\"\" type=\"text\" name=\"your-tel\" \/><\/span>\n\t<\/p>\n<\/div>\n<div class=\"wpcf7-inline-wrapper formdocify\">\n\t<p class=\"wpcf7-inline-field\"><span class=\"wpcf7-form-control-wrap\" data-name=\"your-job\"><input size=\"40\" maxlength=\"400\" class=\"wpcf7-form-control wpcf7-text form-fluid\" aria-invalid=\"false\" placeholder=\"Titre d&#039;emploi\" value=\"\" type=\"text\" name=\"your-job\" \/><\/span>\n\t<\/p>\n\t<p class=\"wpcf7-inline-field\"><span class=\"wpcf7-form-control-wrap\" data-name=\"your-team\"><input size=\"40\" maxlength=\"400\" class=\"wpcf7-form-control wpcf7-text\" aria-invalid=\"false\" placeholder=\"Votre \u00e9quipe\" value=\"\" type=\"text\" name=\"your-team\" \/><\/span>\n\t<\/p>\n<\/div>\n<h4>Vos besoins\n<\/h4>\n<div class=\"wpcf7-inline-wrapper formdocify\">\n\t<p class=\"wpcf7-inline-field\"><label>Comment Docify peut-il vous aider ?<\/label><br \/>\n<span class=\"wpcf7-form-control-wrap\" data-name=\"your-choice\"><select class=\"wpcf7-form-control wpcf7-select\" aria-invalid=\"false\" name=\"your-choice\"><option value=\"\">Choisir une option<\/option><option value=\"G\u00e9n\u00e9rer des documents en quelques clics\">G\u00e9n\u00e9rer des documents en quelques clics<\/option><option value=\"Optimiser les projets et processus gr\u00e2ce aux workflows\">Optimiser les projets et processus gr\u00e2ce aux workflows<\/option><option value=\"G\u00e9rer les entit\u00e9s juridiques et les documents confidentiels\">G\u00e9rer les entit\u00e9s juridiques et les documents confidentiels<\/option><option value=\"Simplifier et optimiser les op\u00e9rations du conseil\">Simplifier et optimiser les op\u00e9rations du conseil<\/option><option value=\"Tout : je veux explorer toute la puissance de Docify\">Tout : je veux explorer toute la puissance de Docify<\/option><\/select><\/span>\n\t<\/p>\n\t<p class=\"wpcf7-inline-field\"><label>&nbsp;<\/label><br \/>\n<span class=\"wpcf7-form-control-wrap\" data-name=\"your-user\"><input size=\"40\" maxlength=\"400\" class=\"wpcf7-form-control wpcf7-text form-fluid\" aria-invalid=\"false\" placeholder=\"Nombre d&#039;utilisateurs Docify*\" value=\"\" type=\"text\" name=\"your-user\" \/><\/span>\n\t<\/p>\n<\/div>\n<p>Une fois que vous aurez soumis ce formulaire, l'un de nos commerciaux reviendra vers vous afin de s'assurer que nous avons bien pris en consid\u00e9ration vos besoins, et ce, en vue de vous faire parvenir un devis adapt\u00e9 aux besoin de votre entreprise\n<\/p>\n<p><input class=\"wpcf7-form-control wpcf7-submit has-spinner btn btn-accent btn-lg btn-flat btn-shadow-sm btn-circle btn-inherit font-weight-500\" type=\"submit\" value=\"Soumettre\" \/>\n<\/p><div class=\"wpcf7-response-output\" aria-hidden=\"true\"><\/div>\n<\/form>\n<\/div>\n[\/vc_column][vc_column width=\u00a0\u00bb1\/6&Prime;][\/vc_column][\/vc_row]<\/p>\n<\/div>","protected":false},"excerpt":{"rendered":"<p>[vc_row row_height_percent=\u00a0\u00bb0&Prime; override_padding=\u00a0\u00bbyes\u00a0\u00bb h_padding=\u00a0\u00bb2&Prime; top_padding=\u00a0\u00bb4&Prime; bottom_padding=\u00a0\u00bb4&Prime; back_color=\u00a0\u00bbaccent\u00a0\u00bb overlay_color=\u00a0\u00bbcolor-xsdn\u00a0\u00bb overlay_alpha=\u00a0\u00bb95&Prime; equal_height=\u00a0\u00bbyes\u00a0\u00bb gutter_size=\u00a0\u00bb3&Prime; column_width_percent=\u00a0\u00bb0&Prime; shift_y=\u00a0\u00bb0&Prime; z_index=\u00a0\u00bb0&Prime; bottom_divider=\u00a0\u00bbstep\u00a0\u00bb content_parallax=\u00a0\u00bb0&Prime; uncode_shortcode_id=\u00a0\u00bb209802&Prime; back_color_type=\u00a0\u00bbuncode-palette\u00a0\u00bb overlay_color_type=\u00a0\u00bbuncode-palette\u00a0\u00bb][vc_column column_width_percent=\u00a0\u00bb100&Prime; [&hellip;]<\/p>\n","protected":false},"author":1,"featured_media":0,"parent":0,"menu_order":0,"comment_status":"closed","ping_status":"closed","template":"","meta":{"footnotes":""},"class_list":["post-157892","page","type-page","status-publish","hentry"],"_links":{"self":[{"href":"https:\/\/docify.eu\/fr\/wp-json\/wp\/v2\/pages\/157892","targetHints":{"allow":["GET"]}}],"collection":[{"href":"https:\/\/docify.eu\/fr\/wp-json\/wp\/v2\/pages"}],"about":[{"href":"https:\/\/docify.eu\/fr\/wp-json\/wp\/v2\/types\/page"}],"author":[{"embeddable":true,"href":"https:\/\/docify.eu\/fr\/wp-json\/wp\/v2\/users\/1"}],"replies":[{"embeddable":true,"href":"https:\/\/docify.eu\/fr\/wp-json\/wp\/v2\/comments?post=157892"}],"version-history":[{"count":5,"href":"https:\/\/docify.eu\/fr\/wp-json\/wp\/v2\/pages\/157892\/revisions"}],"predecessor-version":[{"id":158041,"href":"https:\/\/docify.eu\/fr\/wp-json\/wp\/v2\/pages\/157892\/revisions\/158041"}],"wp:attachment":[{"href":"https:\/\/docify.eu\/fr\/wp-json\/wp\/v2\/media?parent=157892"}],"curies":[{"name":"wp","href":"https:\/\/api.w.org\/{rel}","templated":true}]}}