{"id":157875,"date":"2025-09-11T16:39:36","date_gmt":"2025-09-11T14:39:36","guid":{"rendered":"https:\/\/h2a.docify.eu\/privacy-policy\/"},"modified":"2025-09-19T10:50:34","modified_gmt":"2025-09-19T08:50:34","slug":"privacy-policy","status":"publish","type":"page","link":"https:\/\/docify.eu\/fr\/privacy-policy\/","title":{"rendered":"Politique de confidentialit\u00e9"},"content":{"rendered":"<div class=\"wpb-content-wrapper\"><p>[vc_row row_height_percent=\u00a0\u00bb0&Prime; override_padding=\u00a0\u00bbyes\u00a0\u00bb h_padding=\u00a0\u00bb2&Prime; top_padding=\u00a0\u00bb2&Prime; bottom_padding=\u00a0\u00bb4&Prime; overlay_alpha=\u00a0\u00bb50&Prime; gutter_size=\u00a0\u00bb3&Prime; column_width_percent=\u00a0\u00bb100&Prime; shift_y=\u00a0\u00bb0&Prime; z_index=\u00a0\u00bb0&Prime; content_parallax=\u00a0\u00bb0&Prime; uncode_shortcode_id=\u00a0\u00bb164197&Prime;][vc_column width=\u00a0\u00bb1\/1&Prime;][vc_column_text css_animation=\u00a0\u00bbbottom-t-top\u00a0\u00bb animation_delay=\u00a0\u00bb300&Prime; uncode_shortcode_id=\u00a0\u00bb459606&Prime;]Nous recevons, collectons et stockons toute information que vous saisissez sur notre site internet ou que vous nous fournissez de toute autre mani\u00e8re.<br \/>\nEn outre, nous collectons l\u2019adresse de protocole Internet (IP) utilis\u00e9e pour connecter votre ordinateur \u00e0 Internet, l\u2019adresse e-mail, ainsi que des informations sur l\u2019ordinateur et la connexion. Nous pouvons utiliser des outils logiciels pour mesurer et collecter des informations de session, notamment les temps de r\u00e9ponse des pages, la dur\u00e9e des visites sur certaines pages, les informations d\u2019interaction avec les pages et les m\u00e9thodes utilis\u00e9es pour quitter la page. Nous collectons \u00e9galement des informations personnellement identifiables, notamment le nom et l\u2019adresse e-mail.<\/p>\n<p>\u200b<\/p>\n<h3>POURQUOI NOUS COLLECTONS CES INFORMATIONS<\/h3>\n<p>Nous collectons ces Informations personnelles et non personnelles aux fins suivantes :<\/p>\n<ul>\n<li>Fournir et exploiter les services ;<\/li>\n<li>Fournir \u00e0 nos utilisateurs une assistance client et un support technique continus ;<\/li>\n<li>Pouvoir contacter nos visiteurs et utilisateurs avec des avis g\u00e9n\u00e9raux ou personnalis\u00e9s li\u00e9s aux services, ainsi que des messages promotionnels ;<\/li>\n<li>Cr\u00e9er des donn\u00e9es statistiques agr\u00e9g\u00e9es et d\u2019autres informations non personnelles agr\u00e9g\u00e9es et\/ou d\u00e9duites, que nous ou nos partenaires commerciaux pouvons utiliser pour fournir et am\u00e9liorer nos services respectifs ;<\/li>\n<li>Nous conformer \u00e0 toute loi et r\u00e9glementation applicable.<\/li>\n<\/ul>\n<p>&nbsp;<\/p>\n<h3>STOCKAGE, UTILISATION ET PARTAGE DES INFORMATIONS PERSONNELLES DES VISITEURS<\/h3>\n<p>Le site Internet public docify.eu est h\u00e9berg\u00e9 par <a href=\"https:\/\/ultahost.com\/\" target=\"_blank\" rel=\"noopener\">Ultahost.com<\/a>. Les donn\u00e9es collect\u00e9es via ce site peuvent \u00eatre stock\u00e9es dans des bases de donn\u00e9es et applications associ\u00e9es \u00e0 cet h\u00e9bergement. Elles sont conserv\u00e9es sur des serveurs s\u00e9curis\u00e9s situ\u00e9s dans l\u2019Union europ\u00e9enne et prot\u00e9g\u00e9s par des m\u00e9canismes de s\u00e9curit\u00e9 avanc\u00e9s, incluant des pare-feux.<\/p>\n<p>&nbsp;<\/p>\n<p>\u200b<\/p>\n<h3>COMMUNICATION AVEC LES VISITEURS DU SITE<\/h3>\n<p>Nous pouvons vous contacter pour envoyer des mises \u00e0 jour concernant notre soci\u00e9t\u00e9 ou pour r\u00e9pondre \u00e0 vos messages. \u00c0 ces fins, nous pouvons vous contacter par e-mail.<\/p>\n<p>&nbsp;<\/p>\n<h3>\u200bCOOKIES \u200b<\/h3>\n<p>Nous utilisons des cookies pour diverses raisons d\u00e9taill\u00e9es ci-dessous. Malheureusement, dans la plupart des cas, il n\u2019existe pas d\u2019options standards permettant de d\u00e9sactiver les cookies sans d\u00e9sactiver compl\u00e8tement les fonctionnalit\u00e9s et caract\u00e9ristiques qu\u2019ils apportent \u00e0 ce site. Il est recommand\u00e9 de laisser activ\u00e9s tous les cookies si vous n\u2019\u00eates pas s\u00fbr d\u2019en avoir besoin ou non, car ils peuvent \u00eatre utilis\u00e9s pour fournir un service que vous utilisez.<\/p>\n<p>Vous pouvez emp\u00eacher le param\u00e9trage des cookies en ajustant les param\u00e8tres de votre navigateur (voir l\u2019aide de votre navigateur pour savoir comment proc\u00e9der). Sachez que la d\u00e9sactivation des cookies affectera les fonctionnalit\u00e9s de ce site et de nombreux autres sites que vous visitez. La d\u00e9sactivation des cookies entra\u00eene g\u00e9n\u00e9ralement aussi la d\u00e9sactivation de certaines fonctionnalit\u00e9s et caract\u00e9ristiques de ce site. Par cons\u00e9quent, il est recommand\u00e9 de ne pas d\u00e9sactiver les cookies.<\/p>\n<p>Nous utilisons des cookies li\u00e9s aux newsletters par e-mail et aux formulaires. Ce site propose des services d\u2019abonnement \u00e0 une newsletter ou par e-mail et des cookies peuvent \u00eatre utilis\u00e9s pour se souvenir si vous \u00eates d\u00e9j\u00e0 inscrit et d\u00e9terminer s\u2019il faut afficher certaines notifications uniquement valables pour les utilisateurs inscrits ou d\u00e9sinscrits. Lorsque vous soumettez des donn\u00e9es via un formulaire, comme celui de notre page de contact, des cookies peuvent \u00eatre d\u00e9finis pour m\u00e9moriser vos coordonn\u00e9es pour de futures correspondances.<\/p>\n<p>Si vous souhaitez obtenir plus d\u2019informations, veillez nous contacter \u00e0 contact@wp.docify.eu<\/p>\n<p>\u200b<\/p>\n<h3>RETRAIT DU CONSENTEMENT<\/h3>\n<p>Si vous ne souhaitez plus que nous traitions vos donn\u00e9es, veuillez nous contacter \u00e0 <a href=\"mailto:contact@wp.docify.eu\">contact@wp.docify.eu<\/a><\/p>\n<p>\u200b<\/p>\n<h3>MISES \u00c0 JOUR DE LA POLITIQUE DE CONFIDENTIALIT\u00c9<\/h3>\n<p>Nous nous r\u00e9servons le droit de modifier cette politique de confidentialit\u00e9 \u00e0 tout moment, veuillez donc la consulter r\u00e9guli\u00e8rement. Les changements et clarifications prendront effet imm\u00e9diatement apr\u00e8s leur publication sur le site internet. Si nous apportons des modifications importantes \u00e0 cette politique, nous vous en informerons ici afin que vous sachiez quelles informations nous collectons, comment nous les utilisons et dans quelles circonstances, le cas \u00e9ch\u00e9ant, nous les utilisons et\/ou les divulguons. \u200b<\/p>\n<p>\u200b<\/p>\n<h3>QUESTIONS ET COORDONN\u00c9ES DES VISITEURS \u200b<\/h3>\n<p>Si vous souhaitez acc\u00e9der, corriger, modifier ou supprimer toute information personnelle que nous d\u00e9tenons \u00e0 votre sujet, nous vous invitons \u00e0 nous contacter \u00e0 <a href=\"mailto:contact@wp.docify.eu\">contact@wp.docify.eu<\/a>[\/vc_column_text][\/vc_column][\/vc_row]<\/p>\n<\/div>","protected":false},"excerpt":{"rendered":"<p>[vc_row row_height_percent=\u00a0\u00bb0&Prime; override_padding=\u00a0\u00bbyes\u00a0\u00bb h_padding=\u00a0\u00bb2&Prime; top_padding=\u00a0\u00bb2&Prime; bottom_padding=\u00a0\u00bb4&Prime; overlay_alpha=\u00a0\u00bb50&Prime; gutter_size=\u00a0\u00bb3&Prime; column_width_percent=\u00a0\u00bb100&Prime; shift_y=\u00a0\u00bb0&Prime; z_index=\u00a0\u00bb0&Prime; content_parallax=\u00a0\u00bb0&Prime; uncode_shortcode_id=\u00a0\u00bb164197&Prime;][vc_column width=\u00a0\u00bb1\/1&Prime;][vc_column_text css_animation=\u00a0\u00bbbottom-t-top\u00a0\u00bb animation_delay=\u00a0\u00bb300&Prime; uncode_shortcode_id=\u00a0\u00bb459606&Prime;]Nous recevons, collectons et [&hellip;]<\/p>\n","protected":false},"author":1,"featured_media":0,"parent":0,"menu_order":0,"comment_status":"closed","ping_status":"closed","template":"","meta":{"footnotes":""},"class_list":["post-157875","page","type-page","status-publish","hentry"],"_links":{"self":[{"href":"https:\/\/docify.eu\/fr\/wp-json\/wp\/v2\/pages\/157875","targetHints":{"allow":["GET"]}}],"collection":[{"href":"https:\/\/docify.eu\/fr\/wp-json\/wp\/v2\/pages"}],"about":[{"href":"https:\/\/docify.eu\/fr\/wp-json\/wp\/v2\/types\/page"}],"author":[{"embeddable":true,"href":"https:\/\/docify.eu\/fr\/wp-json\/wp\/v2\/users\/1"}],"replies":[{"embeddable":true,"href":"https:\/\/docify.eu\/fr\/wp-json\/wp\/v2\/comments?post=157875"}],"version-history":[{"count":5,"href":"https:\/\/docify.eu\/fr\/wp-json\/wp\/v2\/pages\/157875\/revisions"}],"predecessor-version":[{"id":158045,"href":"https:\/\/docify.eu\/fr\/wp-json\/wp\/v2\/pages\/157875\/revisions\/158045"}],"wp:attachment":[{"href":"https:\/\/docify.eu\/fr\/wp-json\/wp\/v2\/media?parent=157875"}],"curies":[{"name":"wp","href":"https:\/\/api.w.org\/{rel}","templated":true}]}}